{"id":164,"date":"2026-02-18T16:02:41","date_gmt":"2026-02-18T15:02:41","guid":{"rendered":"https:\/\/www.aboncompte.com\/?page_id=164"},"modified":"2026-03-23T16:56:37","modified_gmt":"2026-03-23T15:56:37","slug":"mentions-legale","status":"publish","type":"page","link":"https:\/\/www.aboncompte.com\/?page_id=164","title":{"rendered":"Mentions L\u00e9gales"},"content":{"rendered":"      \n\t\t\t<div data-aos= \"fade\" data-aos-duration=\"400\" data-aos-delay=\"0\" data-aos-easing=\"ease\" data-aos-once=\"true\" class=\"uagb-icon-wrapper uagb-block-7abd69ed  wp-block-uagb-icon--has-margin    \"\n\t\t\tstyle=\"\" >\n\t\t\t\t\t\t\t\t<div class='uagb-icon-margin-wrapper'>\n\t\t\t\t\t\t\t\t\t<span class=\"uagb-svg-wrapper\" \n\t\t\t\t\t aria-label=\"scale-balanced\"\t\t\t\t\ttabindex=\"0\">\t\t\n\t\t\t\t\t\t\t\t\t\t<svg xmlns=\"https:\/\/www.w3.org\/2000\/svg\" viewBox= \"0 0 640 512\" role=\"graphics-symbol\" aria-hidden=\"false\" aria-label=\"\"><path d=\"M554.9 154.5c-17.62-35.25-68.12-35.38-85.87 0c-87 174.3-84.1 165.9-84.1 181.5c0 44.13 57.25 80 128 80s127.1-35.88 127.1-80C639.1 319.9 641.4 327.3 554.9 154.5zM439.1 320l71.96-144l72.17 144H439.1zM256 336c0-16.12 1.375-8.75-85.12-181.5c-17.62-35.25-68.12-35.38-85.87 0c-87 174.3-84.1 165.9-84.1 181.5c0 44.13 57.25 80 127.1 80S256 380.1 256 336zM127.9 176L200.1 320H55.96L127.9 176zM495.1 448h-143.1V153.3C375.5 143 393.1 121.8 398.4 96h113.6c17.67 0 31.1-14.33 31.1-32s-14.33-32-31.1-32h-128.4c-14.62-19.38-37.5-32-63.62-32S270.1 12.62 256.4 32H128C110.3 32 96 46.33 96 64S110.3 96 127.1 96h113.6c5.25 25.75 22.87 47 46.37 57.25V448H144c-26.51 0-48.01 21.49-48.01 48c0 8.836 7.165 16 16 16h416c8.836 0 16-7.164 16-16C544 469.5 522.5 448 495.1 448z\"><\/path><\/svg>\n\t\t\t\t\t\t\t\t\t<\/span>\n\t\t\t\t\t\t\t\t<\/div>\n\t\t\t\t\t\t\t<\/div>\n\t\t\t\n\n\n<p>Nous allons sur cette page d\u00e9tailler les mentions l\u00e9gales<\/p>\n\n\n\n<h2 class=\"wp-block-heading\">Identit\u00e9<\/h2>\n\n\n\n<p><strong>Nom du site<\/strong>\u00a0: <a href=\"https:\/\/www.pappers.fr\/entreprise\/abc-a-bon-compte-924959711\" target=\"_blank\" rel=\"noreferrer noopener\">\u00c0 Bon Compte<\/a><br><strong>Adresse URL<\/strong>\u00a0:https:\/\/www.aboncompte.com\/<\/p>\n\n\n\n<p><strong>Propri\u00e9taire<\/strong>\u00a0: \u00c9lisa PAMPLIEGA &#8211; <a href=\"https:\/\/maps.app.goo.gl\/aRJS7w7bFjqFe6yV9\" target=\"_blank\" rel=\"noreferrer noopener\">24 Rue Barlet, Appt 5 &#8211; 32100 CONDOM<\/a> \/ 07-68-87-83-29 \/ <a href=\"mailto:abcoucou@aboncompte.com\" target=\"_blank\" rel=\"noreferrer noopener\">abcoucou@aboncompte.com<\/a><br><\/p>\n\n\n\n<figure class=\"wp-block-image size-large is-resized\"><img data-recalc-dims=\"1\" loading=\"lazy\" decoding=\"async\" width=\"1024\" height=\"598\" src=\"https:\/\/i0.wp.com\/www.aboncompte.com\/wp-content\/uploads\/2026\/01\/Logo-ABC-color-web.png?resize=1024%2C598&#038;ssl=1\" alt=\"logo-a-bon-compte\" class=\"wp-image-60\" style=\"width:154px;height:auto\" srcset=\"https:\/\/i0.wp.com\/www.aboncompte.com\/wp-content\/uploads\/2026\/01\/Logo-ABC-color-web-scaled.png?resize=1024%2C598&amp;ssl=1 1024w, https:\/\/i0.wp.com\/www.aboncompte.com\/wp-content\/uploads\/2026\/01\/Logo-ABC-color-web-scaled.png?resize=300%2C175&amp;ssl=1 300w, https:\/\/i0.wp.com\/www.aboncompte.com\/wp-content\/uploads\/2026\/01\/Logo-ABC-color-web-scaled.png?resize=768%2C449&amp;ssl=1 768w, https:\/\/i0.wp.com\/www.aboncompte.com\/wp-content\/uploads\/2026\/01\/Logo-ABC-color-web-scaled.png?resize=1536%2C897&amp;ssl=1 1536w, https:\/\/i0.wp.com\/www.aboncompte.com\/wp-content\/uploads\/2026\/01\/Logo-ABC-color-web-scaled.png?resize=2048%2C1196&amp;ssl=1 2048w, https:\/\/i0.wp.com\/www.aboncompte.com\/wp-content\/uploads\/2026\/01\/Logo-ABC-color-web-scaled.png?resize=225%2C131&amp;ssl=1 225w\" sizes=\"auto, (max-width: 1000px) 100vw, 1000px\" \/><\/figure>\n\n\n\n<p>EURL <a href=\"https:\/\/www.aboncompte.com\/\" target=\"_blank\" rel=\"noreferrer noopener\">\u00c0 Bon Compte<\/a> \u2013 au capital de 2000\u20ac<br>SIREN : 924 959 711 R.C.S. Auch<br>Si\u00e8ge social : 1 IMPASSE DU ROCHER, 32100 CONDOM<br>N\u00b0 de TVA intracommunautaire : FR48924959711<\/p>\n\n\n\n<p><strong>Responsable de la publication<\/strong>\u00a0: <a href=\"http:\/\/www.comic-street.fr\/\" target=\"_blank\" rel=\"noreferrer noopener\">EURL Comic Street<\/a> \u2013 <a href=\"mailto:simon@comic-street.fr\" target=\"_blank\" rel=\"noreferrer noopener\">simon@comic-street.fr<\/a> \u2013 06-81-39-63-46<\/p>\n\n\n\n<figure class=\"wp-block-image size-large is-resized\"><img data-recalc-dims=\"1\" loading=\"lazy\" decoding=\"async\" width=\"1024\" height=\"212\" src=\"https:\/\/i0.wp.com\/www.aboncompte.com\/wp-content\/uploads\/2026\/02\/Typo-web.png?resize=1024%2C212&#038;ssl=1\" alt=\"\" class=\"wp-image-166\" style=\"aspect-ratio:4.827152734129478;width:258px;height:auto\" srcset=\"https:\/\/i0.wp.com\/www.aboncompte.com\/wp-content\/uploads\/2026\/02\/Typo-web.png?resize=1024%2C212&amp;ssl=1 1024w, https:\/\/i0.wp.com\/www.aboncompte.com\/wp-content\/uploads\/2026\/02\/Typo-web.png?resize=300%2C62&amp;ssl=1 300w, https:\/\/i0.wp.com\/www.aboncompte.com\/wp-content\/uploads\/2026\/02\/Typo-web.png?resize=768%2C159&amp;ssl=1 768w, https:\/\/i0.wp.com\/www.aboncompte.com\/wp-content\/uploads\/2026\/02\/Typo-web.png?resize=1536%2C318&amp;ssl=1 1536w, https:\/\/i0.wp.com\/www.aboncompte.com\/wp-content\/uploads\/2026\/02\/Typo-web.png?resize=2048%2C424&amp;ssl=1 2048w\" sizes=\"auto, (max-width: 1000px) 100vw, 1000px\" \/><\/figure>\n\n\n\n<p><strong>H\u00e9bergeur<\/strong>\u00a0: <a href=\"https:\/\/www.ovhcloud.com\/fr\/\" target=\"_blank\" rel=\"noreferrer noopener\">OVH<\/a><br>RCS Lille M\u00e9tropole 424 761 419 00045<br>Code APE 2620Z<br>N\u00b0 TVA : FR 22 424 761 419<br>Si\u00e8ge social : 2 rue Kellermann &#8211; 59100 Roubaix &#8211; France<\/p>\n\n\n\n<figure class=\"wp-block-image size-large\"><img decoding=\"async\" src=\"https:\/\/upload.wikimedia.org\/wikipedia\/commons\/4\/45\/Logo_OVH.svg\" alt=\"\"\/><\/figure>\n\n\n\n<p><strong>Cr\u00e9ation<\/strong>\u00a0: <a href=\"http:\/\/www.comic-street.fr\/\" target=\"_blank\" rel=\"noreferrer noopener\">Comic Street<\/a> &#8211; 24 Rue Barlet &#8211; 32100 Condom &#8211; 06-81-39-63-46 &#8211; <a href=\"mailto:simon@comic-street.fr\" target=\"_blank\" rel=\"noreferrer noopener\">simon@comic-street.fr<\/a><\/p>\n\n\n\n<p><strong>Cr\u00e9dits<\/strong>\u00a0: Th\u00e8me WordPress <a href=\"https:\/\/wpastra.com\/\" target=\"_blank\" rel=\"noreferrer noopener\">Astra<\/a> &#8211; Photos libres de droits &#8211; Portraits : <a href=\"http:\/\/www.comic-street.fr\/\" target=\"_blank\" rel=\"noreferrer noopener\">Comic Street<\/a><\/p>\n\n\n\n<figure class=\"wp-block-image size-large is-resized\"><img decoding=\"async\" src=\"https:\/\/external-content.duckduckgo.com\/iu\/?u=https%3A%2F%2Fbloggingunplugged.com%2Fwp-content%2Fuploads%2F2021%2F12%2Fwp-astra-logo-scaled.jpg&amp;f=1&amp;nofb=1&amp;ipt=70a47202ffd8a3c8c127297856020c04a3bcb5a2832451f0b587774818904867\" alt=\"\" style=\"width:189px;height:auto\"\/><\/figure>\n\n\n\n<h2 class=\"wp-block-heading\">Conditions d\u2019utilisation<\/h2>\n\n\n\n<p>L\u2019utilisation du pr\u00e9sent site implique l\u2019acceptation pleine et enti\u00e8re des conditions g\u00e9n\u00e9rales d\u2019utilisation d\u00e9crites ci-apr\u00e8s. Ces conditions d\u2019utilisation sont susceptibles d\u2019\u00eatre modifi\u00e9es ou compl\u00e9t\u00e9es \u00e0 tout moment.<\/p>\n\n\n\n<h3 class=\"wp-block-heading\">Informations<\/h3>\n\n\n\n<p>Les informations et documents du site sont pr\u00e9sent\u00e9s \u00e0 titre indicatif, sans caract\u00e8re exhaustif, et ne peuvent engager la responsabilit\u00e9 du propri\u00e9taire du site.<\/p>\n\n\n\n<p>Le propri\u00e9taire du site ne peut \u00eatre tenu responsable des dommages directs et indirects cons\u00e9cutifs \u00e0 l\u2019acc\u00e8s au site.<\/p>\n\n\n\n<h3 class=\"wp-block-heading\">Interactivit\u00e9<\/h3>\n\n\n\n<p>Les utilisateurs du site peuvent y d\u00e9poser du contenu, apparaissant sur le site dans des espaces d\u00e9di\u00e9s (notamment via les commentaires). Le contenu d\u00e9pos\u00e9 reste sous la responsabilit\u00e9 de leurs auteurs, qui en assument pleinement l\u2019enti\u00e8re responsabilit\u00e9 juridique.<\/p>\n\n\n\n<p>Le propri\u00e9taire du site se r\u00e9serve n\u00e9anmoins le droit de retirer sans pr\u00e9avis et sans justification tout contenu d\u00e9pos\u00e9 par les utilisateurs qui ne satisferait pas \u00e0 la charte d\u00e9ontologique du site ou \u00e0 la l\u00e9gislation en vigueur.<\/p>\n\n\n\n<h3 class=\"wp-block-heading\">Propri\u00e9t\u00e9 intellectuelle<\/h3>\n\n\n\n<p>Sauf mention contraire, tous les \u00e9l\u00e9ments accessibles sur le site (textes, images, graphismes, logo, ic\u00f4nes, sons, logiciels, etc.) restent la propri\u00e9t\u00e9 exclusive de leurs auteurs, en ce qui concerne les droits de propri\u00e9t\u00e9 intellectuelle ou les droits d\u2019usage.&nbsp;<sup><a href=\"https:\/\/www.webexpress.fr\/actualite\/actualite-mise-en-avant\/modele-de-mentions-legales-complet-et-gratuit\/#fn-7013-1\">1<\/a><\/sup><\/p>\n\n\n\n<p>Toute reproduction, repr\u00e9sentation, modification, publication, adaptation de tout ou partie des \u00e9l\u00e9ments du site, quel que soit le moyen ou le proc\u00e9d\u00e9 utilis\u00e9, est interdite, sauf autorisation \u00e9crite pr\u00e9alable de l\u2019auteur.<sup><a href=\"https:\/\/www.webexpress.fr\/actualite\/actualite-mise-en-avant\/modele-de-mentions-legales-complet-et-gratuit\/#fn-7013-2\">2<\/a><a href=\"https:\/\/www.webexpress.fr\/actualite\/actualite-mise-en-avant\/modele-de-mentions-legales-complet-et-gratuit\/#fn-7013-3\" target=\"_blank\" rel=\"noreferrer noopener\">3<\/a><\/sup><\/p>\n\n\n\n<p>Toute exploitation non autoris\u00e9e du site ou de l\u2019un quelconque des \u00e9l\u00e9ments qu\u2019il contient est consid\u00e9r\u00e9e comme constitutive d\u2019une contrefa\u00e7on et passible de poursuites.\u00a0<sup><a href=\"https:\/\/www.webexpress.fr\/actualite\/actualite-mise-en-avant\/modele-de-mentions-legales-complet-et-gratuit\/#fn-7013-9\" target=\"_blank\" rel=\"noreferrer noopener\">4<\/a><\/sup><\/p>\n\n\n\n<p>Les marques et logos reproduits sur le site sont d\u00e9pos\u00e9s par les soci\u00e9t\u00e9s qui en sont propri\u00e9taires.<\/p>\n\n\n\n<h3 class=\"wp-block-heading\">Liens<\/h3>\n\n\n\n<p><strong>Liens sortants<\/strong><br>Le propri\u00e9taire du site d\u00e9cline toute responsabilit\u00e9 et n\u2019est pas engag\u00e9 par le r\u00e9f\u00e9rencement via des liens hypertextes, de ressources tierces pr\u00e9sentes sur le r\u00e9seau Internet, tant en ce qui concerne leur contenu que leur pertinence.<\/p>\n\n\n\n<p><strong>Liens entrants<\/strong><br>Le propri\u00e9taire du site autorise les liens hypertextes vers l\u2019une des pages de ce site, \u00e0 condition que ceux-ci ouvrent une nouvelle fen\u00eatre et soient pr\u00e9sent\u00e9s de mani\u00e8re non-\u00e9quivoque afin d\u2019\u00e9viter :<\/p>\n\n\n\n<ul class=\"wp-block-list\">\n<li>tout risque de confusion entre le site citant et le propri\u00e9taire du site<\/li>\n\n\n\n<li>ainsi que toute pr\u00e9sentation tendancieuse, ou contraire aux lois en vigueur.<\/li>\n<\/ul>\n\n\n\n<p>Le propri\u00e9taire du site se r\u00e9serve le droit de demander la suppression d\u2019un lien s\u2019il estime que le site source ne respecte pas les r\u00e8gles ainsi d\u00e9finies.<\/p>\n\n\n\n<h3 class=\"wp-block-heading\">Confidentialit\u00e9<\/h3>\n\n\n\n<p>Le site ne recueille pas d\u2019informations personnelles, et n\u2019est pas assujetti \u00e0 d\u00e9claration \u00e0 la CNIL.&nbsp;<sup><a href=\"https:\/\/www.webexpress.fr\/actualite\/actualite-mise-en-avant\/modele-de-mentions-legales-complet-et-gratuit\/#fn-7013-4\">9<\/a><\/sup><\/p>\n\n\n\n<p><a href=\"https:\/\/www.webexpress.fr\/\" target=\"_blank\" rel=\"noreferrer noopener\">Mentions l\u00e9gales fournies par WebExpress \u2013 Version 2.5<\/a>\u00a0\u2013 Utilisation libre sous\u00a0<a href=\"http:\/\/creativecommons.org\/licenses\/by-nc-nd\/3.0\/fr\/\" target=\"_blank\" rel=\"noreferrer noopener\">Licence Creative Commons CC BY-NC-ND 3.0 FR \/ creativecommons.org<\/a>.<\/p>\n\n\n\n<p>Merci d&rsquo;avoir lu les mentions l\u00e9gales jusqu&rsquo;au bout. C&rsquo;est pas le truc le plus fun qu&rsquo;on ait pu faire sur ce site &#8230;<\/p>\n\n\n\n<p><\/p>\n","protected":false},"excerpt":{"rendered":"<p>Nous allons sur cette page d\u00e9tailler les mentions l\u00e9gales Identit\u00e9 Nom du site\u00a0: \u00c0 Bon CompteAdresse URL\u00a0:https:\/\/www.aboncompte.com\/ Propri\u00e9taire\u00a0: \u00c9lisa PAMPLIEGA [&hellip;]<\/p>\n","protected":false},"author":1,"featured_media":0,"parent":0,"menu_order":0,"comment_status":"closed","ping_status":"closed","template":"","meta":{"_uag_custom_page_level_css":"","site-sidebar-layout":"default","site-content-layout":"","ast-site-content-layout":"default","site-content-style":"default","site-sidebar-style":"default","ast-global-header-display":"","ast-banner-title-visibility":"","ast-main-header-display":"","ast-hfb-above-header-display":"","ast-hfb-below-header-display":"","ast-hfb-mobile-header-display":"","site-post-title":"","ast-breadcrumbs-content":"","ast-featured-img":"","footer-sml-layout":"","ast-disable-related-posts":"","theme-transparent-header-meta":"","adv-header-id-meta":"","stick-header-meta":"","header-above-stick-meta":"","header-main-stick-meta":"","header-below-stick-meta":"","astra-migrate-meta-layouts":"default","ast-page-background-enabled":"default","ast-page-background-meta":{"desktop":{"background-color":"var(--ast-global-color-5)","background-image":"","background-repeat":"repeat","background-position":"center center","background-size":"auto","background-attachment":"scroll","background-type":"","background-media":"","overlay-type":"","overlay-color":"","overlay-opacity":"","overlay-gradient":""},"tablet":{"background-color":"","background-image":"","background-repeat":"repeat","background-position":"center center","background-size":"auto","background-attachment":"scroll","background-type":"","background-media":"","overlay-type":"","overlay-color":"","overlay-opacity":"","overlay-gradient":""},"mobile":{"background-color":"","background-image":"","background-repeat":"repeat","background-position":"center center","background-size":"auto","background-attachment":"scroll","background-type":"","background-media":"","overlay-type":"","overlay-color":"","overlay-opacity":"","overlay-gradient":""}},"ast-content-background-meta":{"desktop":{"background-color":"var(--ast-global-color-4)","background-image":"","background-repeat":"repeat","background-position":"center center","background-size":"auto","background-attachment":"scroll","background-type":"","background-media":"","overlay-type":"","overlay-color":"","overlay-opacity":"","overlay-gradient":""},"tablet":{"background-color":"var(--ast-global-color-4)","background-image":"","background-repeat":"repeat","background-position":"center center","background-size":"auto","background-attachment":"scroll","background-type":"","background-media":"","overlay-type":"","overlay-color":"","overlay-opacity":"","overlay-gradient":""},"mobile":{"background-color":"var(--ast-global-color-4)","background-image":"","background-repeat":"repeat","background-position":"center center","background-size":"auto","background-attachment":"scroll","background-type":"","background-media":"","overlay-type":"","overlay-color":"","overlay-opacity":"","overlay-gradient":""}},"footnotes":""},"class_list":["post-164","page","type-page","status-publish","hentry"],"yoast_head":"<!-- This site is optimized with the Yoast SEO plugin v27.0 - https:\/\/yoast.com\/product\/yoast-seo-wordpress\/ -->\n<title>Mentions L\u00e9gales -<\/title>\n<meta name=\"description\" content=\"Mentions l\u00e9gales : informations sur l\u2019\u00e9diteur, l\u2019h\u00e9bergeur, la propri\u00e9t\u00e9 intellectuelle et les conditions d\u2019utilisation du site.\" \/>\n<meta name=\"robots\" content=\"index, follow, max-snippet:-1, max-image-preview:large, max-video-preview:-1\" \/>\n<link rel=\"canonical\" href=\"https:\/\/www.aboncompte.com\/?page_id=164\" \/>\n<meta property=\"og:locale\" content=\"fr_FR\" \/>\n<meta property=\"og:type\" content=\"article\" \/>\n<meta property=\"og:title\" content=\"Mentions L\u00e9gales -\" \/>\n<meta property=\"og:description\" content=\"Mentions l\u00e9gales : informations sur l\u2019\u00e9diteur, l\u2019h\u00e9bergeur, la propri\u00e9t\u00e9 intellectuelle et les conditions d\u2019utilisation du site.\" \/>\n<meta property=\"og:url\" content=\"https:\/\/www.aboncompte.com\/?page_id=164\" \/>\n<meta property=\"article:modified_time\" content=\"2026-03-23T15:56:37+00:00\" \/>\n<meta property=\"og:image\" content=\"https:\/\/www.aboncompte.com\/wp-content\/uploads\/2026\/01\/Logo-ABC-color-web-1024x598.png\" \/>\n<meta name=\"twitter:card\" content=\"summary_large_image\" \/>\n<meta name=\"twitter:label1\" content=\"Dur\u00e9e de lecture estim\u00e9e\" \/>\n\t<meta name=\"twitter:data1\" content=\"4 minutes\" \/>\n<script type=\"application\/ld+json\" class=\"yoast-schema-graph\">{\"@context\":\"https:\/\/schema.org\",\"@graph\":[{\"@type\":\"WebPage\",\"@id\":\"https:\/\/www.aboncompte.com\/?page_id=164\",\"url\":\"https:\/\/www.aboncompte.com\/?page_id=164\",\"name\":\"Mentions L\u00e9gales -\",\"isPartOf\":{\"@id\":\"https:\/\/www.aboncompte.com\/#website\"},\"primaryImageOfPage\":{\"@id\":\"https:\/\/www.aboncompte.com\/?page_id=164#primaryimage\"},\"image\":{\"@id\":\"https:\/\/www.aboncompte.com\/?page_id=164#primaryimage\"},\"thumbnailUrl\":\"https:\/\/www.aboncompte.com\/wp-content\/uploads\/2026\/01\/Logo-ABC-color-web-1024x598.png\",\"datePublished\":\"2026-02-18T15:02:41+00:00\",\"dateModified\":\"2026-03-23T15:56:37+00:00\",\"description\":\"Mentions l\u00e9gales : informations sur l\u2019\u00e9diteur, l\u2019h\u00e9bergeur, la propri\u00e9t\u00e9 intellectuelle et les conditions d\u2019utilisation du site.\",\"breadcrumb\":{\"@id\":\"https:\/\/www.aboncompte.com\/?page_id=164#breadcrumb\"},\"inLanguage\":\"fr-FR\",\"potentialAction\":[{\"@type\":\"ReadAction\",\"target\":[\"https:\/\/www.aboncompte.com\/?page_id=164\"]}]},{\"@type\":\"ImageObject\",\"inLanguage\":\"fr-FR\",\"@id\":\"https:\/\/www.aboncompte.com\/?page_id=164#primaryimage\",\"url\":\"https:\/\/i0.wp.com\/www.aboncompte.com\/wp-content\/uploads\/2026\/01\/Logo-ABC-color-web-scaled.png?fit=2560%2C1495&ssl=1\",\"contentUrl\":\"https:\/\/i0.wp.com\/www.aboncompte.com\/wp-content\/uploads\/2026\/01\/Logo-ABC-color-web-scaled.png?fit=2560%2C1495&ssl=1\",\"width\":2560,\"height\":1495,\"caption\":\"Logo et Typographie de la soci\u00e9t\u00e9 \u00c0 Bon Compte - CONDOM\"},{\"@type\":\"BreadcrumbList\",\"@id\":\"https:\/\/www.aboncompte.com\/?page_id=164#breadcrumb\",\"itemListElement\":[{\"@type\":\"ListItem\",\"position\":1,\"name\":\"Accueil\",\"item\":\"https:\/\/www.aboncompte.com\/\"},{\"@type\":\"ListItem\",\"position\":2,\"name\":\"Mentions L\u00e9gales\"}]},{\"@type\":\"WebSite\",\"@id\":\"https:\/\/www.aboncompte.com\/#website\",\"url\":\"https:\/\/www.aboncompte.com\/\",\"name\":\"\u00c0 Bon Compte\",\"description\":\"Le couteau suisse administratif\",\"publisher\":{\"@id\":\"https:\/\/www.aboncompte.com\/#organization\"},\"potentialAction\":[{\"@type\":\"SearchAction\",\"target\":{\"@type\":\"EntryPoint\",\"urlTemplate\":\"https:\/\/www.aboncompte.com\/?s={search_term_string}\"},\"query-input\":{\"@type\":\"PropertyValueSpecification\",\"valueRequired\":true,\"valueName\":\"search_term_string\"}}],\"inLanguage\":\"fr-FR\"},{\"@type\":\"Organization\",\"@id\":\"https:\/\/www.aboncompte.com\/#organization\",\"name\":\"\u00c0 Bon Compte\",\"url\":\"https:\/\/www.aboncompte.com\/\",\"logo\":{\"@type\":\"ImageObject\",\"inLanguage\":\"fr-FR\",\"@id\":\"https:\/\/www.aboncompte.com\/#\/schema\/logo\/image\/\",\"url\":\"https:\/\/i0.wp.com\/www.aboncompte.com\/wp-content\/uploads\/2026\/01\/cropped-Logo-ABC-Site-scaled-1.png?fit=2559%2C1641&ssl=1\",\"contentUrl\":\"https:\/\/i0.wp.com\/www.aboncompte.com\/wp-content\/uploads\/2026\/01\/cropped-Logo-ABC-Site-scaled-1.png?fit=2559%2C1641&ssl=1\",\"width\":2559,\"height\":1641,\"caption\":\"\u00c0 Bon Compte\"},\"image\":{\"@id\":\"https:\/\/www.aboncompte.com\/#\/schema\/logo\/image\/\"}}]}<\/script>\n<!-- \/ Yoast SEO plugin. -->","yoast_head_json":{"title":"Mentions L\u00e9gales -","description":"Mentions l\u00e9gales : informations sur l\u2019\u00e9diteur, l\u2019h\u00e9bergeur, la propri\u00e9t\u00e9 intellectuelle et les conditions d\u2019utilisation du site.","robots":{"index":"index","follow":"follow","max-snippet":"max-snippet:-1","max-image-preview":"max-image-preview:large","max-video-preview":"max-video-preview:-1"},"canonical":"https:\/\/www.aboncompte.com\/?page_id=164","og_locale":"fr_FR","og_type":"article","og_title":"Mentions L\u00e9gales -","og_description":"Mentions l\u00e9gales : informations sur l\u2019\u00e9diteur, l\u2019h\u00e9bergeur, la propri\u00e9t\u00e9 intellectuelle et les conditions d\u2019utilisation du site.","og_url":"https:\/\/www.aboncompte.com\/?page_id=164","article_modified_time":"2026-03-23T15:56:37+00:00","og_image":[{"url":"https:\/\/www.aboncompte.com\/wp-content\/uploads\/2026\/01\/Logo-ABC-color-web-1024x598.png","type":"","width":"","height":""}],"twitter_card":"summary_large_image","twitter_misc":{"Dur\u00e9e de lecture estim\u00e9e":"4 minutes"},"schema":{"@context":"https:\/\/schema.org","@graph":[{"@type":"WebPage","@id":"https:\/\/www.aboncompte.com\/?page_id=164","url":"https:\/\/www.aboncompte.com\/?page_id=164","name":"Mentions L\u00e9gales -","isPartOf":{"@id":"https:\/\/www.aboncompte.com\/#website"},"primaryImageOfPage":{"@id":"https:\/\/www.aboncompte.com\/?page_id=164#primaryimage"},"image":{"@id":"https:\/\/www.aboncompte.com\/?page_id=164#primaryimage"},"thumbnailUrl":"https:\/\/www.aboncompte.com\/wp-content\/uploads\/2026\/01\/Logo-ABC-color-web-1024x598.png","datePublished":"2026-02-18T15:02:41+00:00","dateModified":"2026-03-23T15:56:37+00:00","description":"Mentions l\u00e9gales : informations sur l\u2019\u00e9diteur, l\u2019h\u00e9bergeur, la propri\u00e9t\u00e9 intellectuelle et les conditions d\u2019utilisation du site.","breadcrumb":{"@id":"https:\/\/www.aboncompte.com\/?page_id=164#breadcrumb"},"inLanguage":"fr-FR","potentialAction":[{"@type":"ReadAction","target":["https:\/\/www.aboncompte.com\/?page_id=164"]}]},{"@type":"ImageObject","inLanguage":"fr-FR","@id":"https:\/\/www.aboncompte.com\/?page_id=164#primaryimage","url":"https:\/\/i0.wp.com\/www.aboncompte.com\/wp-content\/uploads\/2026\/01\/Logo-ABC-color-web-scaled.png?fit=2560%2C1495&ssl=1","contentUrl":"https:\/\/i0.wp.com\/www.aboncompte.com\/wp-content\/uploads\/2026\/01\/Logo-ABC-color-web-scaled.png?fit=2560%2C1495&ssl=1","width":2560,"height":1495,"caption":"Logo et Typographie de la soci\u00e9t\u00e9 \u00c0 Bon Compte - CONDOM"},{"@type":"BreadcrumbList","@id":"https:\/\/www.aboncompte.com\/?page_id=164#breadcrumb","itemListElement":[{"@type":"ListItem","position":1,"name":"Accueil","item":"https:\/\/www.aboncompte.com\/"},{"@type":"ListItem","position":2,"name":"Mentions L\u00e9gales"}]},{"@type":"WebSite","@id":"https:\/\/www.aboncompte.com\/#website","url":"https:\/\/www.aboncompte.com\/","name":"\u00c0 Bon Compte","description":"Le couteau suisse administratif","publisher":{"@id":"https:\/\/www.aboncompte.com\/#organization"},"potentialAction":[{"@type":"SearchAction","target":{"@type":"EntryPoint","urlTemplate":"https:\/\/www.aboncompte.com\/?s={search_term_string}"},"query-input":{"@type":"PropertyValueSpecification","valueRequired":true,"valueName":"search_term_string"}}],"inLanguage":"fr-FR"},{"@type":"Organization","@id":"https:\/\/www.aboncompte.com\/#organization","name":"\u00c0 Bon Compte","url":"https:\/\/www.aboncompte.com\/","logo":{"@type":"ImageObject","inLanguage":"fr-FR","@id":"https:\/\/www.aboncompte.com\/#\/schema\/logo\/image\/","url":"https:\/\/i0.wp.com\/www.aboncompte.com\/wp-content\/uploads\/2026\/01\/cropped-Logo-ABC-Site-scaled-1.png?fit=2559%2C1641&ssl=1","contentUrl":"https:\/\/i0.wp.com\/www.aboncompte.com\/wp-content\/uploads\/2026\/01\/cropped-Logo-ABC-Site-scaled-1.png?fit=2559%2C1641&ssl=1","width":2559,"height":1641,"caption":"\u00c0 Bon Compte"},"image":{"@id":"https:\/\/www.aboncompte.com\/#\/schema\/logo\/image\/"}}]}},"uagb_featured_image_src":{"full":false,"thumbnail":false,"medium":false,"medium_large":false,"large":false,"1536x1536":false,"2048x2048":false},"uagb_author_info":{"display_name":"PAMPLIEGABC","author_link":"https:\/\/www.aboncompte.com\/?author=1"},"uagb_comment_info":0,"uagb_excerpt":"Nous allons sur cette page d\u00e9tailler les mentions l\u00e9gales Identit\u00e9 Nom du site\u00a0: \u00c0 Bon CompteAdresse URL\u00a0:https:\/\/www.aboncompte.com\/ Propri\u00e9taire\u00a0: \u00c9lisa PAMPLIEGA [&hellip;]","jetpack_sharing_enabled":true,"_links":{"self":[{"href":"https:\/\/www.aboncompte.com\/index.php?rest_route=\/wp\/v2\/pages\/164","targetHints":{"allow":["GET"]}}],"collection":[{"href":"https:\/\/www.aboncompte.com\/index.php?rest_route=\/wp\/v2\/pages"}],"about":[{"href":"https:\/\/www.aboncompte.com\/index.php?rest_route=\/wp\/v2\/types\/page"}],"author":[{"embeddable":true,"href":"https:\/\/www.aboncompte.com\/index.php?rest_route=\/wp\/v2\/users\/1"}],"replies":[{"embeddable":true,"href":"https:\/\/www.aboncompte.com\/index.php?rest_route=%2Fwp%2Fv2%2Fcomments&post=164"}],"version-history":[{"count":3,"href":"https:\/\/www.aboncompte.com\/index.php?rest_route=\/wp\/v2\/pages\/164\/revisions"}],"predecessor-version":[{"id":232,"href":"https:\/\/www.aboncompte.com\/index.php?rest_route=\/wp\/v2\/pages\/164\/revisions\/232"}],"wp:attachment":[{"href":"https:\/\/www.aboncompte.com\/index.php?rest_route=%2Fwp%2Fv2%2Fmedia&parent=164"}],"curies":[{"name":"wp","href":"https:\/\/api.w.org\/{rel}","templated":true}]}}